{"id":428,"date":"2023-09-14T17:58:00","date_gmt":"2023-09-14T15:58:00","guid":{"rendered":"https:\/\/almasbellas2.es\/?post_type=product&#038;p=428"},"modified":"2023-09-14T18:06:44","modified_gmt":"2023-09-14T16:06:44","slug":"serum-facial-de-vitamina-c-30ml","status":"publish","type":"product","link":"https:\/\/almasbellas2.es\/?product=serum-facial-de-vitamina-c-30ml","title":{"rendered":"S\u00c9RUM FACIAL DE VITAMINA C (30ML)"},"content":{"rendered":"\n<p>El s\u00e9rum de vitamina C, favorece la producci\u00f3n del col\u00e1geno y hace que la piel tenga mas luminosidad. La utilidad de este producto puede ser de d\u00eda y de noche.<\/p>\n","protected":false},"excerpt":{"rendered":"<p>El s\u00e9rum de vitamina C, favorece la producci\u00f3n del col\u00e1geno y hace que la piel tenga mas luminosidad. La utilidad de este producto puede ser de d\u00eda y de noche.<\/p>\n","protected":false},"featured_media":339,"comment_status":"open","ping_status":"closed","template":"","meta":{"site-sidebar-layout":"default","site-content-layout":"","ast-site-content-layout":"","site-content-style":"default","site-sidebar-style":"default","ast-global-header-display":"","ast-banner-title-visibility":"","ast-main-header-display":"","ast-hfb-above-header-display":"","ast-hfb-below-header-display":"","ast-hfb-mobile-header-display":"","site-post-title":"","ast-breadcrumbs-content":"","ast-featured-img":"","footer-sml-layout":"","theme-transparent-header-meta":"","adv-header-id-meta":"","stick-header-meta":"","header-above-stick-meta":"","header-main-stick-meta":"","header-below-stick-meta":"","astra-migrate-meta-layouts":""},"product_cat":[16,32],"product_tag":[],"_links":{"self":[{"href":"https:\/\/almasbellas2.es\/index.php?rest_route=\/wp\/v2\/product\/428"}],"collection":[{"href":"https:\/\/almasbellas2.es\/index.php?rest_route=\/wp\/v2\/product"}],"about":[{"href":"https:\/\/almasbellas2.es\/index.php?rest_route=\/wp\/v2\/types\/product"}],"replies":[{"embeddable":true,"href":"https:\/\/almasbellas2.es\/index.php?rest_route=%2Fwp%2Fv2%2Fcomments&post=428"}],"wp:featuredmedia":[{"embeddable":true,"href":"https:\/\/almasbellas2.es\/index.php?rest_route=\/wp\/v2\/media\/339"}],"wp:attachment":[{"href":"https:\/\/almasbellas2.es\/index.php?rest_route=%2Fwp%2Fv2%2Fmedia&parent=428"}],"wp:term":[{"taxonomy":"product_cat","embeddable":true,"href":"https:\/\/almasbellas2.es\/index.php?rest_route=%2Fwp%2Fv2%2Fproduct_cat&post=428"},{"taxonomy":"product_tag","embeddable":true,"href":"https:\/\/almasbellas2.es\/index.php?rest_route=%2Fwp%2Fv2%2Fproduct_tag&post=428"}],"curies":[{"name":"wp","href":"https:\/\/api.w.org\/{rel}","templated":true}]}}