{"id":10,"date":"2023-08-29T17:06:53","date_gmt":"2023-08-29T15:06:53","guid":{"rendered":"http:\/\/almasbellas2.es\/?page_id=10"},"modified":"2023-11-02T23:08:27","modified_gmt":"2023-11-02T22:08:27","slug":"reembolso_devoluciones","status":"publish","type":"page","link":"https:\/\/almasbellas2.es\/?page_id=10","title":{"rendered":"Pol\u00edtica de devoluciones y reembolsos"},"content":{"rendered":"\t\t<div data-elementor-type=\"wp-page\" data-elementor-id=\"10\" class=\"elementor elementor-10\">\n\t\t\t\t\t\t\t\t\t<section class=\"elementor-section elementor-top-section elementor-element elementor-element-d79e4f3 elementor-section-boxed elementor-section-height-default elementor-section-height-default\" data-id=\"d79e4f3\" data-element_type=\"section\">\n\t\t\t\t\t\t<div class=\"elementor-container elementor-column-gap-default\">\n\t\t\t\t\t<div class=\"elementor-column elementor-col-100 elementor-top-column elementor-element elementor-element-5d9310cc\" data-id=\"5d9310cc\" data-element_type=\"column\">\n\t\t\t<div class=\"elementor-widget-wrap elementor-element-populated\">\n\t\t\t\t\t\t\t\t<div class=\"elementor-element elementor-element-1bf109eb elementor-widget elementor-widget-text-editor\" data-id=\"1bf109eb\" data-element_type=\"widget\" data-widget_type=\"text-editor.default\">\n\t\t\t\t<div class=\"elementor-widget-container\">\n\t\t\t<style>\/*! elementor - v3.15.0 - 20-08-2023 *\/\n.elementor-widget-text-editor.elementor-drop-cap-view-stacked .elementor-drop-cap{background-color:#69727d;color:#fff}.elementor-widget-text-editor.elementor-drop-cap-view-framed .elementor-drop-cap{color:#69727d;border:3px solid;background-color:transparent}.elementor-widget-text-editor:not(.elementor-drop-cap-view-default) .elementor-drop-cap{margin-top:8px}.elementor-widget-text-editor:not(.elementor-drop-cap-view-default) .elementor-drop-cap-letter{width:1em;height:1em}.elementor-widget-text-editor .elementor-drop-cap{float:left;text-align:center;line-height:1;font-size:50px}.elementor-widget-text-editor .elementor-drop-cap-letter{display:inline-block}<\/style>\t\t\t\t<h2 style=\"margin-bottom: 0.5rem; line-height: 1.2; font-size: 2em; font-family: Poppins, sans-serif; color: rgb(68, 68, 69); font-style: normal;\">Almas Bellas: Pol\u00edtica de Reembolso<\/h2>\n<p style=\"margin-bottom: 1rem; line-height: 1.8; color: rgb(68, 68, 69); font-size: 0.9rem; font-family: &quot;Open Sans&quot;, sans-serif; font-style: normal; font-weight: 400;\">\u00a1Gracias por comprar en Almas Bellas!<\/p>\n<p style=\"margin-bottom: 1rem; line-height: 1.8; color: rgb(68, 68, 69); font-size: 0.9rem; font-family: &quot;Open Sans&quot;, sans-serif; font-style: normal; font-weight: 400;\">Ofrecemos reembolso y\/o cambio dentro de los primeros 30 d\u00edas de tu compra. Si han transcurrido 30 d\u00edas desde tu compra, no se te ofrecer\u00e1 un reembolso y\/o cambio de ning\u00fan tipo.<\/p>\n<p style=\"margin-bottom: 1rem; line-height: 1.8; color: rgb(68, 68, 69); font-size: 0.9rem; font-family: &quot;Open Sans&quot;, sans-serif; font-style: normal; font-weight: 400;\"><span style=\"font-weight: bolder;\">Elegibilidad para reembolsos y cambios<\/span><\/p>\n<ul style=\"padding-left: 2rem; margin-top: 0px; margin-bottom: 1rem; color: rgb(0, 0, 0); font-family: &quot;Open Sans&quot;, sans-serif; font-size: 16px; font-style: normal; font-weight: 400;\">\n<li style=\"color: rgb(68, 68, 69); font-size: 1rem; line-height: 1.8;\">\n<p style=\"margin-bottom: 1rem; line-height: 1.8; font-size: 0.9rem;\">Tu art\u00edculo debe estar sin usar y en las mismas condiciones en que lo recibi\u00f3.<\/p>\n<\/li>\n<li style=\"color: rgb(68, 68, 69); font-size: 1rem; line-height: 1.8;\">\n<p style=\"margin-bottom: 1rem; line-height: 1.8; font-size: 0.9rem;\">El art\u00edculo debe estar en el embalaje original.<\/p>\n<\/li>\n<li style=\"color: rgb(68, 68, 69); font-size: 1rem; line-height: 1.8;\">\n<p style=\"margin-bottom: 1rem; line-height: 1.8; font-size: 0.9rem;\">Para completar tu devoluci\u00f3n, requerimos un recibo o comprobante de compra.<\/p>\n<\/li>\n<li style=\"color: rgb(68, 68, 69); font-size: 1rem; line-height: 1.8;\">\n<p style=\"margin-bottom: 1rem; line-height: 1.8; font-size: 0.9rem;\">Solo se pueden reembolsar los art\u00edculos de precio regular; los art\u00edculos de venta no se pueden reembolsar.<\/p>\n<\/li>\n<li style=\"color: rgb(68, 68, 69); font-size: 1rem; line-height: 1.8;\">\n<p style=\"margin-bottom: 1rem; line-height: 1.8; font-size: 0.9rem;\">Si el art\u00edculo en cuesti\u00f3n fue marcado como un regalo cuando fue comprado y se envi\u00f3 directamente a ti, recibir\u00e1s un cr\u00e9dito de regalo por el valor de tu devoluci\u00f3n.<\/p>\n<\/li>\n<\/ul>\n<p style=\"margin-bottom: 1rem; line-height: 1.8; color: rgb(68, 68, 69); font-size: 0.9rem; font-family: &quot;Open Sans&quot;, sans-serif; font-style: normal; font-weight: 400;\"><span style=\"font-weight: bolder;\">Cambios<\/span>&nbsp;<em>(si es aplicable)<\/em><\/p>\n<p style=\"margin-bottom: 1rem; line-height: 1.8; color: rgb(68, 68, 69); font-size: 0.9rem; font-family: &quot;Open Sans&quot;, sans-serif; font-style: normal; font-weight: 400;\">Solo reemplazamos los art\u00edculos si est\u00e1n defectuosos o da\u00f1ados. Si necesitas cambiarlo por el mismo art\u00edculo, env\u00edanos un email a&nbsp;<span style=\"color: rgb(122, 122, 122); font-family: Roboto, sans-serif; font-size: 16px; text-align: center; background-color: rgb(244, 245, 246);\">ALMASBELLAS2@GMAIL.COM<\/span>&nbsp;y env\u00eda tu art\u00edculo a la direcci\u00f3n marcada en la respuesta del correo.<\/p>\n<p style=\"margin-bottom: 1rem; line-height: 1.8; color: rgb(68, 68, 69); font-size: 0.9rem; font-family: &quot;Open Sans&quot;, sans-serif; font-style: normal; font-weight: 400;\"><span style=\"font-weight: bolder;\">Bienes Exentos<\/span><\/p>\n<p style=\"margin-bottom: 1rem; line-height: 1.8; color: rgb(68, 68, 69); font-size: 0.9rem; font-family: &quot;Open Sans&quot;, sans-serif; font-style: normal; font-weight: 400;\">Los siguientes bienes est\u00e1n exentos de reembolsos:<\/p>\n<ul style=\"padding-left: 2rem; margin-top: 0px; margin-bottom: 1rem; color: rgb(0, 0, 0); font-family: &quot;Open Sans&quot;, sans-serif; font-size: 16px; font-style: normal; font-weight: 400;\">\n<li style=\"color: rgb(68, 68, 69); font-size: 1rem; line-height: 1.8;\">\n<p style=\"margin-bottom: 1rem; line-height: 1.8; font-size: 0.9rem;\">Tarjetas de regalo (gif cards).<\/p>\n<\/li>\n<li style=\"color: rgb(68, 68, 69); font-size: 1rem; line-height: 1.8;\">\n<p style=\"margin-bottom: 1rem; line-height: 1.8; font-size: 0.9rem;\">Algunos art\u00edculos de salud y cuidado personal.<\/p>\n<\/li>\n<\/ul>\n<p style=\"margin-bottom: 1rem; line-height: 1.8; color: rgb(68, 68, 69); font-size: 0.9rem; font-family: &quot;Open Sans&quot;, sans-serif; font-style: normal;\"><b>Reembolsos parciales<\/b><\/p>\n<ul style=\"padding-left: 2rem; margin-top: 0px; margin-bottom: 1rem; color: rgb(0, 0, 0); font-family: &quot;Open Sans&quot;, sans-serif; font-size: 16px; font-style: normal; font-weight: 400;\">\n<li style=\"color: rgb(68, 68, 69); font-size: 1rem; line-height: 1.8;\">\n<p style=\"margin-bottom: 1rem; line-height: 1.8; font-size: 0.9rem;\">Cualquier art\u00edculo que no se encuentre en su estado original, est\u00e9 da\u00f1ado o falte una parte por razones que no se debieron a nuestro error.<\/p>\n<\/li>\n<li style=\"color: rgb(68, 68, 69); font-size: 1rem; line-height: 1.8;\">\n<p style=\"margin-bottom: 1rem; line-height: 1.8; font-size: 0.9rem;\">Cualquier art\u00edculo que se devuelva m\u00e1s de 30 d\u00edas despu\u00e9s de la entrega.<\/p>\n<\/li>\n<\/ul>\n<p style=\"margin-bottom: 1rem; line-height: 1.8; color: rgb(68, 68, 69); font-size: 0.9rem; font-family: &quot;Open Sans&quot;, sans-serif; font-style: normal; font-weight: 400;\">Una vez que se reciba e inspeccione tu devoluci\u00f3n, te enviaremos un email para notificarte que hemos recibido tu art\u00edculo devuelto. Tambi\u00e9n te notificaremos la aprobaci\u00f3n o el rechazo de tu reembolso.<\/p>\n<p style=\"margin-bottom: 1rem; line-height: 1.8; color: rgb(68, 68, 69); font-size: 0.9rem; font-family: &quot;Open Sans&quot;, sans-serif; font-style: normal; font-weight: 400;\">Si es aprobado, entonces se procesar\u00e1 tu reembolso y se aplicar\u00e1 un cr\u00e9dito autom\u00e1ticamente a tu tarjeta de cr\u00e9dito o m\u00e9todo de pago original, dentro de una cierta cantidad de d\u00edas.<\/p>\n<p style=\"margin-bottom: 1rem; line-height: 1.8; color: rgb(68, 68, 69); font-size: 0.9rem; font-family: &quot;Open Sans&quot;, sans-serif; font-style: normal; font-weight: 400;\"><span style=\"font-weight: bolder;\">Reembolsos atrasados o faltantes<\/span><\/p>\n<ul style=\"padding-left: 2rem; margin-top: 0px; margin-bottom: 1rem; color: rgb(0, 0, 0); font-family: &quot;Open Sans&quot;, sans-serif; font-size: 16px; font-style: normal; font-weight: 400;\">\n<li style=\"color: rgb(68, 68, 69); font-size: 1rem; line-height: 1.8;\">\n<p style=\"margin-bottom: 1rem; line-height: 1.8; font-size: 0.9rem;\">Si a\u00fan no has recibido un reembolso, primero verifica otra vez tu cuenta bancaria. Luego, comun\u00edcate con la compa\u00f1\u00eda de tu tarjeta de cr\u00e9dito. Puede tomar alg\u00fan tiempo antes de que se publique oficialmente tu reembolso.<\/p>\n<\/li>\n<li style=\"color: rgb(68, 68, 69); font-size: 1rem; line-height: 1.8;\">\n<p style=\"margin-bottom: 1rem; line-height: 1.8; font-size: 0.9rem;\">Si has hecho todo esto y a\u00fan no has recibido tu reembolso, comun\u00edcate con nosotros al (email y\/o n\u00famero de tel\u00e9fono).<\/p>\n<\/li>\n<\/ul>\n<p style=\"margin-bottom: 1rem; line-height: 1.8; color: rgb(68, 68, 69); font-size: 0.9rem; font-family: &quot;Open Sans&quot;, sans-serif; font-style: normal; font-weight: 400;\"><span style=\"font-weight: bolder;\">Env\u00edo<\/span><\/p>\n<ul style=\"padding-left: 2rem; margin-top: 0px; margin-bottom: 1rem; color: rgb(0, 0, 0); font-family: &quot;Open Sans&quot;, sans-serif; font-size: 16px; font-style: normal; font-weight: 400;\">\n<li style=\"color: rgb(68, 68, 69); font-size: 1rem; line-height: 1.8;\">\n<p style=\"margin-bottom: 1rem; line-height: 1.8; font-size: 0.9rem;\">Por favor, no devuelvas el producto al fabricante. Debe enviarse a la siguiente direcci\u00f3n que te facilitaremos al ponerte en contacto con nosotros..<\/p>\n<\/li>\n<li style=\"color: rgb(68, 68, 69); font-size: 1rem; line-height: 1.8;\">\n<p style=\"margin-bottom: 1rem; line-height: 1.8; font-size: 0.9rem;\">Usted ser\u00e1 responsable de pagar sus propios costos de env\u00edo para devolver su art\u00edculo.<\/p>\n<\/li>\n<li style=\"color: rgb(68, 68, 69); font-size: 1rem; line-height: 1.8;\">\n<p style=\"margin-bottom: 1rem; line-height: 1.8; font-size: 0.9rem;\">Los costos de env\u00edo no son reembolsables. Si recibes un reembolso, el costo del env\u00edo de devoluci\u00f3n se deducir\u00e1 de tu reembolso.<\/p>\n<\/li>\n<li style=\"color: rgb(68, 68, 69); font-size: 1rem; line-height: 1.8;\">\n<p style=\"margin-bottom: 1rem; line-height: 1.8; font-size: 0.9rem;\">Dependiendo de d\u00f3nde vivas, el tiempo que tarde tu producto cambiado en llegar a ti puede variar.<\/p>\n<\/li>\n<li style=\"color: rgb(68, 68, 69); font-size: 1rem; line-height: 1.8;\">\n<p style=\"margin-bottom: 1rem; line-height: 1.8; font-size: 0.9rem;\">Por favor, nota que no podemos garantizar que recibiremos tu art\u00edculo devuelto.<\/p>\n<\/li>\n<\/ul>\t\t\t\t\t\t<\/div>\n\t\t\t\t<\/div>\n\t\t\t\t\t<\/div>\n\t\t<\/div>\n\t\t\t\t\t\t\t<\/div>\n\t\t<\/section>\n\t\t\t\t\t\t\t<\/div>\n\t\t","protected":false},"excerpt":{"rendered":"<p>Almas Bellas: Pol\u00edtica de Reembolso \u00a1Gracias por comprar en Almas Bellas! Ofrecemos reembolso y\/o cambio dentro de los primeros 30 d\u00edas de tu compra. Si han transcurrido 30 d\u00edas desde tu compra, no se te ofrecer\u00e1 un reembolso y\/o cambio de ning\u00fan tipo. Elegibilidad para reembolsos y cambios Tu art\u00edculo debe estar sin usar y &hellip;<\/p>\n<p class=\"read-more\"> <a class=\"\" href=\"https:\/\/almasbellas2.es\/?page_id=10\"> <span class=\"screen-reader-text\">Pol\u00edtica de devoluciones y reembolsos<\/span> Read More &raquo;<\/a><\/p>\n","protected":false},"author":1,"featured_media":0,"parent":0,"menu_order":0,"comment_status":"closed","ping_status":"closed","template":"","meta":{"site-sidebar-layout":"default","site-content-layout":"","ast-site-content-layout":"","site-content-style":"default","site-sidebar-style":"default","ast-global-header-display":"","ast-banner-title-visibility":"","ast-main-header-display":"","ast-hfb-above-header-display":"","ast-hfb-below-header-display":"","ast-hfb-mobile-header-display":"","site-post-title":"","ast-breadcrumbs-content":"","ast-featured-img":"","footer-sml-layout":"","theme-transparent-header-meta":"","adv-header-id-meta":"","stick-header-meta":"","header-above-stick-meta":"","header-main-stick-meta":"","header-below-stick-meta":"","astra-migrate-meta-layouts":"","footnotes":""},"_links":{"self":[{"href":"https:\/\/almasbellas2.es\/index.php?rest_route=\/wp\/v2\/pages\/10"}],"collection":[{"href":"https:\/\/almasbellas2.es\/index.php?rest_route=\/wp\/v2\/pages"}],"about":[{"href":"https:\/\/almasbellas2.es\/index.php?rest_route=\/wp\/v2\/types\/page"}],"author":[{"embeddable":true,"href":"https:\/\/almasbellas2.es\/index.php?rest_route=\/wp\/v2\/users\/1"}],"replies":[{"embeddable":true,"href":"https:\/\/almasbellas2.es\/index.php?rest_route=%2Fwp%2Fv2%2Fcomments&post=10"}],"version-history":[{"count":4,"href":"https:\/\/almasbellas2.es\/index.php?rest_route=\/wp\/v2\/pages\/10\/revisions"}],"predecessor-version":[{"id":832,"href":"https:\/\/almasbellas2.es\/index.php?rest_route=\/wp\/v2\/pages\/10\/revisions\/832"}],"wp:attachment":[{"href":"https:\/\/almasbellas2.es\/index.php?rest_route=%2Fwp%2Fv2%2Fmedia&parent=10"}],"curies":[{"name":"wp","href":"https:\/\/api.w.org\/{rel}","templated":true}]}}